{"id":2,"date":"2026-03-15T22:33:13","date_gmt":"2026-03-15T22:33:13","guid":{"rendered":"http:\/\/dajnaluz.pl\/?page_id=2"},"modified":"2026-03-19T21:45:28","modified_gmt":"2026-03-19T21:45:28","slug":"sample-page","status":"publish","type":"page","link":"https:\/\/dajnaluz.pl\/?page_id=2","title":{"rendered":"O nas."},"content":{"rendered":"\n<p>S\u0105 ludzie, przy kt\u00f3rych \u015bwiat naturalnie zwalnia. Micha\u0142 i Sebastian,  to w\u0142a\u015bnie takie osoby \u2013 dwie najspokojniejsze charaktery, jakie znam. Nasza wsp\u00f3\u0142praca nie opiera si\u0119 na po\u015bpiechu, presji czy chaosie, ale na uwa\u017cno\u015bci, zrozumieniu i przestrzeni do refleksji.<\/p>\n\n\n\n<p>To w\u0142a\u015bnie w tej ciszy i spokoju narodzi\u0142 si\u0119 pomys\u0142 stworzenia kursu. Nie by\u0142 to efekt nag\u0142ego impulsu, lecz proces \u2013 pe\u0142en rozm\u00f3w, przemy\u015ble\u0144 i \u015bwiadomego budowania warto\u015bci, kt\u00f3re naprawd\u0119 mog\u0105 pom\u00f3c innym. Ka\u017cdy z nas wni\u00f3s\u0142 co\u015b unikalnego, ale to, co nas po\u0142\u0105czy\u0142o, to wsp\u00f3lna wizja: stworzy\u0107 co\u015b, co pozwoli ludziom zatrzyma\u0107 si\u0119 na chwil\u0119 i odetchn\u0105\u0107.<\/p>\n\n\n\n<p>Kurs, kt\u00f3ry powsta\u0142 dzi\u0119ki ich wsp\u00f3\u0142pracy, nie jest tylko zbiorem wiedzy. To zaproszenie do spokojniejszego \u017cycia. Do zauwa\u017cenia, jak wiele napi\u0119cia nosimy na co dzie\u0144 \u2013 i jak mo\u017cna si\u0119 go stopniowo pozbywa\u0107. To przestrze\u0144, w kt\u00f3rej uczymy si\u0119 odpuszcza\u0107, regulowa\u0107 stres i wraca\u0107 do r\u00f3wnowagi.<\/p>\n\n\n\n<p>Micha\u0142, Sebastian i Kewin pokazuj\u0105, \u017ce nie trzeba m\u00f3wi\u0107 g\u0142o\u015bno, \u017ceby zosta\u0107 us\u0142yszanym. Czasem najwi\u0119ksza si\u0142a tkwi w ciszy, w uwa\u017cno\u015bci i w prostym byciu tu i teraz. Ich wsp\u00f3\u0142praca jest tego najlepszym dowodem \u2013 spokojna, autentyczna i niezwykle potrzebna w dzisiejszym \u015bwiecie.<\/p>\n\n\n\n<p>Wkr\u00f3tce pojawi si\u0119 tutaj wi\u0119cej tre\u015bci \u2013 bez po\u015bpiechu, w swoim tempie.<\/p>\n","protected":false},"excerpt":{"rendered":"<p>S\u0105 ludzie, przy kt\u00f3rych \u015bwiat naturalnie zwalnia. Micha\u0142 i Sebastian, to w\u0142a\u015bnie takie osoby \u2013 dwie najspokojniejsze charaktery, jakie znam. Nasza wsp\u00f3\u0142praca nie opiera si\u0119 na po\u015bpiechu, presji czy chaosie, ale na uwa\u017cno\u015bci, zrozumieniu i przestrzeni do refleksji. To w\u0142a\u015bnie w tej ciszy i spokoju narodzi\u0142 si\u0119 pomys\u0142 stworzenia kursu. Nie by\u0142 to efekt nag\u0142ego [&hellip;]<\/p>\n","protected":false},"author":1,"featured_media":0,"parent":0,"menu_order":0,"comment_status":"closed","ping_status":"open","template":"","meta":{"footnotes":""},"class_list":["post-2","page","type-page","status-publish","hentry"],"jetpack_sharing_enabled":true,"_links":{"self":[{"href":"https:\/\/dajnaluz.pl\/index.php?rest_route=\/wp\/v2\/pages\/2","targetHints":{"allow":["GET"]}}],"collection":[{"href":"https:\/\/dajnaluz.pl\/index.php?rest_route=\/wp\/v2\/pages"}],"about":[{"href":"https:\/\/dajnaluz.pl\/index.php?rest_route=\/wp\/v2\/types\/page"}],"author":[{"embeddable":true,"href":"https:\/\/dajnaluz.pl\/index.php?rest_route=\/wp\/v2\/users\/1"}],"replies":[{"embeddable":true,"href":"https:\/\/dajnaluz.pl\/index.php?rest_route=%2Fwp%2Fv2%2Fcomments&post=2"}],"version-history":[{"count":2,"href":"https:\/\/dajnaluz.pl\/index.php?rest_route=\/wp\/v2\/pages\/2\/revisions"}],"predecessor-version":[{"id":65,"href":"https:\/\/dajnaluz.pl\/index.php?rest_route=\/wp\/v2\/pages\/2\/revisions\/65"}],"wp:attachment":[{"href":"https:\/\/dajnaluz.pl\/index.php?rest_route=%2Fwp%2Fv2%2Fmedia&parent=2"}],"curies":[{"name":"wp","href":"https:\/\/api.w.org\/{rel}","templated":true}]}}